{"id":29,"date":"2023-12-05T11:13:32","date_gmt":"2023-12-05T11:13:32","guid":{"rendered":"https:\/\/talentyprzyszlosci.pl\/?page_id=29"},"modified":"2023-12-05T11:13:50","modified_gmt":"2023-12-05T11:13:50","slug":"formularz","status":"publish","type":"page","link":"https:\/\/talentyprzyszlosci.pl\/index.php\/formularz\/","title":{"rendered":"Formularz"},"content":{"rendered":"<script>\n                            if (window.qmn_quiz_data === undefined) {\n                                    window.qmn_quiz_data = new Object();\n                            }\n                    <\/script><script>window.qmn_quiz_data[\"2\"] = {\"quiz_id\":\"2\",\"quiz_name\":\"Formularz kontaktowy\",\"disable_answer\":\"0\",\"ajax_show_correct\":\"0\",\"progress_bar\":\"0\",\"contact_info_location\":\"0\",\"qpages\":{\"1\":{\"id\":\"1\",\"quizID\":\"2\",\"pagekey\":\"bQ0auEp0\",\"hide_prevbtn\":\"0\"}},\"skip_validation_time_expire\":\"0\",\"timer_limit_val\":0,\"disable_scroll_next_previous_click\":\"0\",\"disable_scroll_on_result\":0,\"disable_first_page\":\"0\",\"enable_result_after_timer_end\":\"0\",\"enable_quick_result_mc\":\"0\",\"end_quiz_if_wrong\":0,\"form_disable_autofill\":\"0\",\"disable_mathjax\":\"0\",\"enable_quick_correct_answer_info\":\"0\",\"quick_result_correct_answer_text\":\"Correct! You have selected correct answer.\",\"quick_result_wrong_answer_text\":\"Wrong! You have selected wrong answer.\",\"quiz_processing_message\":\"\",\"quiz_limit_choice\":\"Limit of choice is reached.\",\"not_allow_after_expired_time\":\"\",\"scheduled_time_end\":false,\"prevent_reload\":0,\"limit_email_based_submission\":0,\"total_user_tries\":0,\"is_logged_in\":false,\"error_messages\":{\"email_error_text\":\"Nieprawid\\u0142owy adres e-mail!\",\"number_error_text\":\"This field must be a number!\",\"incorrect_error_text\":\"The entered text is not correct!\",\"empty_error_text\":\"Prosz\\u0119 wype\\u0142nij pola wymagane.\",\"contact_field_required_error_text\":\"Please complete all required fields!\",\"url_error_text\":\"The entered URL is not valid!\",\"minlength_error_text\":\"Required atleast %minlength% characters.\",\"maxlength_error_text\":\"Maximum %maxlength% characters allowed.\",\"recaptcha_error_text\":\"ReCaptcha is missing\",\"phone_error_text\":\"Phone number is invalid\"},\"first_page\":false,\"questions_settings\":[]}\n                    <\/script>\t\t<div class='qsm-quiz-container qsm-quiz-container-2 qmn_quiz_container mlw_qmn_quiz  quiz_theme_default  '>\n\t\t\t\t\t\t\t\t<form name=\"quizForm2\" id=\"quizForm2\" action=\"\/index.php\/wp-json\/wp\/v2\/pages\/29\" method=\"POST\" class=\"qsm-quiz-form qmn_quiz_form mlw_quiz_form\" novalidate enctype=\"multipart\/form-data\">\n\t\t\t\t<input type=\"hidden\" name=\"qsm_hidden_questions\" id=\"qsm_hidden_questions\" value=\"\">\n\t\t\t\t<input type=\"hidden\" name=\"qsm_nonce\" id=\"qsm_nonce_2\" value=\"3aa856464d\">\n\t\t\t\t<input type=\"hidden\" name=\"qsm_unique_key\" id=\"qsm_unique_key_2\" value=\"69e50b5147484\">\n\t\t\t\t<div id=\"mlw_error_message\" class=\"qsm-error-message qmn_error_message_section\"><\/div>\n\t\t\t\t<span id=\"mlw_top_of_quiz\"><\/span>\n\t\t\t\t\t\t\t<section class=\"qsm-page \">\n\t\t\t\t\t\t\t\t<div class=\"quiz_section quiz_begin\">\n\t\t\t\t\t\t<div class='qsm-before-message mlw_qmn_message_before'>\n\t\t\t\t\t\t\t\t\t\t<\/div>\n\t\t\t\t\t\t\t\t\t<div class=\"qsm_contact_div qsm-contact-type-email\">\n\t\t\t\t\t\t\t\t\t\t\t<span class='mlw_qmn_question qsm_question'><label for=\"contact_field_0\">Adres e-mail<\/label><\/span>\n\t\t\t\t\t\t\t\t<input type='email' class='mlwEmail '  name='contact_field_0' id='contact_field_0'  value=''  placeholder='Adres e-mail'  \/>\n\t\t\t\t\t\t\t\t\t<\/div>\n\t\t\t\t\t\t\t\t\t\t<div class=\"qsm_contact_div qsm-contact-type-text\">\n\t\t\t\t\t\t\t\t\t\t\t<span class='mlw_qmn_question qsm_question'><label for=\"contact_field_4\">Nazwa plac\u00f3wki<\/label><\/span>\n\t\t\t\t\t\t\t\t<input type='text' class=''  name='contact_field_4' id='contact_field_4'  value=''  placeholder='Nazwa plac\u00f3wki'  \/>\n\t\t\t\t\t\t\t\t\t<\/div>\n\t\t\t\t\t\t\t\t\t\t<div class=\"qsm_contact_div qsm-contact-type-text\">\n\t\t\t\t\t\t\t\t\t\t\t<span class='mlw_qmn_question qsm_question'><label for=\"contact_field_5\">Miasto<\/label><\/span>\n\t\t\t\t\t\t\t\t<input type='text' class=''  name='contact_field_5' id='contact_field_5'  value=''  placeholder='Miasto'  \/>\n\t\t\t\t\t\t\t\t\t<\/div>\n\t\t\t\t\t\t\t\t\t\t<div class=\"qsm_contact_div qsm-contact-type-text\">\n\t\t\t\t\t\t\t\t\t\t\t<span class='mlw_qmn_question qsm_question'><label for=\"contact_field_6\">Wojew\u00f3dztwo<\/label><\/span>\n\t\t\t\t\t\t\t\t<input type='text' class=''  name='contact_field_6' id='contact_field_6'  value=''  placeholder='Wojew\u00f3dztwo'  \/>\n\t\t\t\t\t\t\t\t\t<\/div>\n\t\t\t\t\t\t\t\t\t\t<\/div>\n\t\t\t\t\t\t\t\t\t<div class=\"quiz_section qsm-question-wrapper question-type-2 question-section-id-20 \" data-qid=\"20\">\n\t\t\t\t\t\t<div class='mlw_qmn_new_question'>Rola <\/div>\n\t\t\t<div class='mlw_qmn_question  qsm_remove_bold' >\n\t\t<p><\/p>\n\t<\/div>\n\t\t\t<select class=\"qsm_select qsm_dropdown qsmRequiredSelect\" name=\"question20\">\n\t\t<option disabled selected value>Please select your answer<\/option>\n\t\t\t\t\t\t\t\t\t<option value=\"0\">Nauczyciel<\/option>\n\t\t\t\t\t\t\t\t\t\t\t\t<option value=\"1\">Wychowawca<\/option>\n\t\t\t\t\t\t\t\t\t\t\t\t<option value=\"2\">Pedagog szkolny<\/option>\n\t\t\t\t\t\t\t\t\t\t\t\t<option value=\"3\">Psycholog szkolny<\/option>\n\t\t\t\t\t\t\t\t\t\t\t\t<option value=\"4\">Dyrektor<\/option>\n\t\t\t\t\t\t\t\t\t\t\t\t<option value=\"5\">Rodzic<\/option>\n\t\t\t\t\t\t\t\t<\/select>\n\t\t<input type=\"hidden\" name=\"answer_limit_keys_20\" value=\"\" \/>\n\t\t\t\t\t\t<\/div>\n\t\t\t\t\t\t\t\t\t<div class=\"quiz_section qsm-question-wrapper question-type-2 question-section-id-21 \" data-qid=\"21\">\n\t\t\t\t\t\t<div class='mlw_qmn_new_question'>Szko\u0142a <\/div>\n\t\t\t<div class='mlw_qmn_question  qsm_remove_bold' >\n\t\t<p><\/p>\n\t<\/div>\n\t\t\t<select class=\"qsm_select qsm_dropdown qsmRequiredSelect\" name=\"question21\">\n\t\t<option disabled selected value>Please select your answer<\/option>\n\t\t\t\t\t\t\t\t\t<option value=\"0\">Podstawowa<\/option>\n\t\t\t\t\t\t\t\t\t\t\t\t<option value=\"1\">Ponadpodstawowa<\/option>\n\t\t\t\t\t\t\t\t\t\t\t\t<option value=\"2\">Nie dotyczy<\/option>\n\t\t\t\t\t\t\t\t<\/select>\n\t\t<input type=\"hidden\" name=\"answer_limit_keys_21\" value=\"\" \/>\n\t\t\t\t\t\t<\/div>\n\t\t\t\t\t\t\t\t\t<div class=\"quiz_section qsm-question-wrapper question-type-3 question-section-id-25 \" data-qid=\"25\">\n\t\t\t\t\t\t<div class='mlw_qmn_new_question'><label class=\"qsm-question-title-label\" for=\"question25\">Imi\u0119 i nazwisko (widoczne na certyfikacie) : <\/label><\/div>\n\t\t\t<div class='mlw_qmn_question  qsm_remove_bold' >\n\t\t<p><\/p>\n\t<\/div>\n\t\t<input  type=\"text\" class=\"mlw_answer_open_text mlwRequiredText\" id=\"question25\" name=\"question25\"   Placeholder=\"\" \/>\n\t\t\t\t\t\t<\/div>\n\t\t\t\t\t\t\t\t\t<div class=\"quiz_section qsm-question-wrapper question-type-8 question-section-id-22 \" data-qid=\"22\">\n\t\t\t\t\t<div class=\"qmn_accept_answers\">\n\t\t<input type=\"checkbox\" id=\"mlwAcceptance22\" name=\"question22\" class=\"mlwRequiredAccept\" \/>\n\t\t<label class=\"qsm-input-label\" for=\"mlwAcceptance22\">\n\t\t\t<span class=\"qmn_accept_text\">\n\t\t\tO\u015bwiadczam, \u017ce zapozna\u0142am\/zapozna\u0142em si\u0119 z tre\u015bci\u0105 Polityki Prywatno\u015bci i akceptuj\u0119 jej postanowienia.\t\t\t<\/span>\n\t\t<\/label>\n\t<\/div>\n\t\t\t\t\t\t<\/div>\n\t\t\t\t\t\t\t\t\t<div class=\"quiz_section qsm-question-wrapper question-type-8 question-section-id-23 \" data-qid=\"23\">\n\t\t\t\t\t<div class=\"qmn_accept_answers\">\n\t\t<input type=\"checkbox\" id=\"mlwAcceptance23\" name=\"question23\" class=\"\" \/>\n\t\t<label class=\"qsm-input-label\" for=\"mlwAcceptance23\">\n\t\t\t<span class=\"qmn_accept_text\">\n\t\t\tWyra\u017cam zgod\u0119 na wykorzystanie moich danych osobowych przez Fundacj\u0119 Wyp\u0142y\u0144 na G\u0142\u0119bi\u0119 dla cel\u00f3w marketingowych i handlowych, w szczeg\u00f3lno\u015bci na otrzymywanie na wskazany przeze mnie adres e-mail informacji dotycz\u0105cych produkt\u00f3w i us\u0142ug, w tym na otrzymywanie newslettera. Zgoda mo\u017ce by\u0107 wycofana w ka\u017cdej chwili.\t\t\t<\/span>\n\t\t<\/label>\n\t<\/div>\n\t\t\t\t\t\t<\/div>\n\t\t\t\t\t\t\t<\/section>\n\t\t\t\t\t<input type=\"hidden\" name=\"qmn_question_list\" value=\"20Q21Q25Q22Q23Q\" \/>\n\t\t\t\t\t\t\t<div id=\"mlw_error_message_bottom\" class=\"qsm-error-message qmn_error_message_section\"><\/div>\n\t\t\t\t\t<input type=\"hidden\" name=\"qmn_all_questions_count\" id=\"qmn_all_questions_count\" value=\"5\" \/>\n\t\t\t\t\t<input type=\"hidden\" name=\"total_questions\" id=\"total_questions\" value=\"3\" \/>\n\t\t\t\t\t<input type=\"hidden\" name=\"timer\" id=\"timer\" value=\"0\" \/>\n\t\t\t\t\t<input type=\"hidden\" name=\"timer_ms\" id=\"timer_ms\" value=\"0\"\/>\n\t\t\t\t\t<input type=\"hidden\" class=\"qmn_quiz_id\" name=\"qmn_quiz_id\" id=\"qmn_quiz_id\" value=\"2\" \/>\n\t\t\t\t\t<input type='hidden' name='complete_quiz' value='confirmation' \/>\n\t\t\t\t\t\t\t\t\t<\/form>\n\t\t\t\t\t\t<\/div>\n\t\t<div style=\"display: none;\" class=\"qsm-popup qsm-popup-slide\" id=\"modal-4\" aria-hidden=\"false\"><div class=\"qsm-popup__overlay\" tabindex=\"-1\" data-micromodal-close=\"\"><div class=\"qsm-popup__container qmn_quiz_container\" role=\"dialog\" aria-modal=\"true\"><div class=\"qsm-popup__content\"><img decoding=\"async\" src=\"https:\/\/talentyprzyszlosci.pl\/wp-content\/plugins\/quiz-master-next\/assets\/clock.png\" alt=\"clock.png\"\/><p class=\"qsm-time-up-text\"> Time&#8217;s up<\/p><\/div><footer class=\"qsm-popup__footer\"><button class=\"qsm-popup-secondary-button qmn_btn\" data-micromodal-close=\"\" aria-label=\"Close this dialog window\" onclick=\"location.reload();\">Cancel<\/button><\/footer><\/div><\/div><\/div>","protected":false},"excerpt":{"rendered":"","protected":false},"author":1,"featured_media":0,"parent":0,"menu_order":0,"comment_status":"closed","ping_status":"closed","template":"","meta":{"footnotes":""},"class_list":["post-29","page","type-page","status-publish","hentry"],"_links":{"self":[{"href":"https:\/\/talentyprzyszlosci.pl\/index.php\/wp-json\/wp\/v2\/pages\/29","targetHints":{"allow":["GET"]}}],"collection":[{"href":"https:\/\/talentyprzyszlosci.pl\/index.php\/wp-json\/wp\/v2\/pages"}],"about":[{"href":"https:\/\/talentyprzyszlosci.pl\/index.php\/wp-json\/wp\/v2\/types\/page"}],"author":[{"embeddable":true,"href":"https:\/\/talentyprzyszlosci.pl\/index.php\/wp-json\/wp\/v2\/users\/1"}],"replies":[{"embeddable":true,"href":"https:\/\/talentyprzyszlosci.pl\/index.php\/wp-json\/wp\/v2\/comments?post=29"}],"version-history":[{"count":3,"href":"https:\/\/talentyprzyszlosci.pl\/index.php\/wp-json\/wp\/v2\/pages\/29\/revisions"}],"predecessor-version":[{"id":32,"href":"https:\/\/talentyprzyszlosci.pl\/index.php\/wp-json\/wp\/v2\/pages\/29\/revisions\/32"}],"wp:attachment":[{"href":"https:\/\/talentyprzyszlosci.pl\/index.php\/wp-json\/wp\/v2\/media?parent=29"}],"curies":[{"name":"wp","href":"https:\/\/api.w.org\/{rel}","templated":true}]}}